{"id":28,"date":"2021-08-06T14:12:29","date_gmt":"2021-08-06T14:12:29","guid":{"rendered":"https:\/\/www.crrryk.pl\/?page_id=28"},"modified":"2022-01-28T15:21:26","modified_gmt":"2022-01-28T15:21:26","slug":"polecam","status":"publish","type":"page","link":"https:\/\/www.crrryk.pl\/index.php\/polecam\/","title":{"rendered":"Polecam"},"content":{"rendered":"\n<p>Polecam zdolnych tw\u00f3rc\u00f3w i ich dzie\u0142a: <\/p>\n\n\n\n<div class=\"wp-block-image\"><figure class=\"aligncenter size-full\"><img loading=\"lazy\" decoding=\"async\" width=\"800\" height=\"800\" src=\"https:\/\/www.crrryk.pl\/wp-content\/uploads\/2021\/08\/Ariel-Komiks-1.png\" alt=\"\" class=\"wp-image-196\" srcset=\"https:\/\/www.crrryk.pl\/wp-content\/uploads\/2021\/08\/Ariel-Komiks-1.png 800w, https:\/\/www.crrryk.pl\/wp-content\/uploads\/2021\/08\/Ariel-Komiks-1-300x300.png 300w, https:\/\/www.crrryk.pl\/wp-content\/uploads\/2021\/08\/Ariel-Komiks-1-150x150.png 150w, https:\/\/www.crrryk.pl\/wp-content\/uploads\/2021\/08\/Ariel-Komiks-1-768x768.png 768w, https:\/\/www.crrryk.pl\/wp-content\/uploads\/2021\/08\/Ariel-Komiks-1-96x96.png 96w, https:\/\/www.crrryk.pl\/wp-content\/uploads\/2021\/08\/Ariel-Komiks-1-84x84.png 84w\" sizes=\"(max-width: 800px) 100vw, 800px\" \/><figcaption>Ju\u017c nied\u0142ugo uka\u017ce si\u0119 d\u0142ugo wyczekiwany komiks bardzo zdolnego rysownika, kt\u00f3rego prace mam przyjemno\u015b\u0107 podziwia\u0107 od kilku lat. Zajrzyjcie do niego, bo naprawd\u0119 warto!&nbsp;Ariel Ka\u0142u\u017ca &#8211; <a href=\"https:\/\/www.instagram.com\/arielcomicsart\/\" title=\"https:\/\/www.instagram.com\/arielcomicsart\/\">@arielcomicsart<\/a>&nbsp;<a href=\"http:\/\/arielcomics-art.com\" target=\"_blank\" rel=\"noreferrer noopener\" title=\"arielcomics-art.com\">arielcomics-art.com<\/a> Osobi\u015bcie nie mog\u0119 si\u0119 doczeka\u0107, kiedy przeczytam t\u0119 histori\u0119 \ud83d\ude09<\/figcaption><\/figure><\/div>\n\n\n\n<div class=\"wp-block-image\"><figure class=\"aligncenter size-full\"><img loading=\"lazy\" decoding=\"async\" width=\"800\" height=\"800\" src=\"https:\/\/www.crrryk.pl\/wp-content\/uploads\/2021\/08\/Ariel-moja-opinia.png\" alt=\"\" class=\"wp-image-199\" srcset=\"https:\/\/www.crrryk.pl\/wp-content\/uploads\/2021\/08\/Ariel-moja-opinia.png 800w, https:\/\/www.crrryk.pl\/wp-content\/uploads\/2021\/08\/Ariel-moja-opinia-300x300.png 300w, https:\/\/www.crrryk.pl\/wp-content\/uploads\/2021\/08\/Ariel-moja-opinia-150x150.png 150w, https:\/\/www.crrryk.pl\/wp-content\/uploads\/2021\/08\/Ariel-moja-opinia-768x768.png 768w, https:\/\/www.crrryk.pl\/wp-content\/uploads\/2021\/08\/Ariel-moja-opinia-96x96.png 96w, https:\/\/www.crrryk.pl\/wp-content\/uploads\/2021\/08\/Ariel-moja-opinia-84x84.png 84w\" sizes=\"(max-width: 800px) 100vw, 800px\" \/><figcaption>Mam wielk\u0105 przyjemno\u015b\u0107 wsp\u00f3\u0142pracowa\u0107 ze zdolnym i przemi\u0142ym cz\u0142owiekiem, jakim jest Ariel. Jestem \u015bwie\u017co po lekturze jego pierwszego komiksu i mog\u0119 powiedzie\u0107 jedno: jest moc! Je\u015bli macie ochot\u0119 na histori\u0119 pe\u0142n\u0105 brudu i z\u0142a, histori\u0119 z zaskakuj\u0105cymi postaciami, histori\u0119, kt\u00f3ra dopiero si\u0119 zaczyna &#8211; polecam! Nawet je\u015bli Ariel ka\u017ce czeka\u0107 na kolejn\u0105 cz\u0119\u015b\u0107 kilka lat, poczekam, bo warto. Gratuluj\u0119 pomys\u0142\u00f3w i bogatej wyobra\u017ani! Nie mog\u0119 si\u0119 doczeka\u0107 kolejnych cz\u0119\u015bci! \ud83d\ude09 Niezmiennie zach\u0119cam, zagl\u0105dajcie do Ariela &#8211;   <a href=\"https:\/\/www.instagram.com\/arielcomicsart\/\" target=\"_blank\" rel=\"noreferrer noopener\" title=\"https:\/\/www.instagram.com\/arielcomicsart\/\">@arielcomicsart<\/a>&nbsp;<a href=\"http:\/\/arielcomics-art.com\" target=\"_blank\" rel=\"noreferrer noopener\" title=\"arielcomics-art.com\">arielcomics-art.com<\/a> <\/figcaption><\/figure><\/div>\n\n\n\n<div class=\"wp-block-image\"><figure class=\"aligncenter size-full\"><img loading=\"lazy\" decoding=\"async\" width=\"800\" height=\"800\" src=\"https:\/\/www.crrryk.pl\/wp-content\/uploads\/2021\/09\/Tomasz-polecam-.png\" alt=\"\" class=\"wp-image-298\" srcset=\"https:\/\/www.crrryk.pl\/wp-content\/uploads\/2021\/09\/Tomasz-polecam-.png 800w, https:\/\/www.crrryk.pl\/wp-content\/uploads\/2021\/09\/Tomasz-polecam--300x300.png 300w, https:\/\/www.crrryk.pl\/wp-content\/uploads\/2021\/09\/Tomasz-polecam--150x150.png 150w, https:\/\/www.crrryk.pl\/wp-content\/uploads\/2021\/09\/Tomasz-polecam--768x768.png 768w, https:\/\/www.crrryk.pl\/wp-content\/uploads\/2021\/09\/Tomasz-polecam--96x96.png 96w, https:\/\/www.crrryk.pl\/wp-content\/uploads\/2021\/09\/Tomasz-polecam--84x84.png 84w\" sizes=\"(max-width: 800px) 100vw, 800px\" \/><figcaption>Tomasz Tomaszewski to pocz\u0105tkuj\u0105cy zdolny scenarzysta, kt\u00f3ry ma \u015bwietne pomys\u0142y i bujn\u0105 wyobra\u017ani\u0119. B\u0119d\u0119 z ciekawo\u015bci\u0105 obserwowa\u0107 jego artystyczn\u0105 drog\u0119. Zerknijcie na jego profil: <a href=\"https:\/\/www.instagram.com\/difman.comics\/\" target=\"_blank\" rel=\"noreferrer noopener\" title=\"https:\/\/www.instagram.com\/difman.comics\/\">@difmancomics<\/a> <\/figcaption><\/figure><\/div>\n\n\n\n<figure class=\"wp-block-image size-full\"><img loading=\"lazy\" decoding=\"async\" width=\"800\" height=\"800\" src=\"https:\/\/www.crrryk.pl\/wp-content\/uploads\/2022\/01\/Justicemaker-2-1.png\" alt=\"\" class=\"wp-image-426\" srcset=\"https:\/\/www.crrryk.pl\/wp-content\/uploads\/2022\/01\/Justicemaker-2-1.png 800w, https:\/\/www.crrryk.pl\/wp-content\/uploads\/2022\/01\/Justicemaker-2-1-300x300.png 300w, https:\/\/www.crrryk.pl\/wp-content\/uploads\/2022\/01\/Justicemaker-2-1-150x150.png 150w, https:\/\/www.crrryk.pl\/wp-content\/uploads\/2022\/01\/Justicemaker-2-1-768x768.png 768w, https:\/\/www.crrryk.pl\/wp-content\/uploads\/2022\/01\/Justicemaker-2-1-96x96.png 96w, https:\/\/www.crrryk.pl\/wp-content\/uploads\/2022\/01\/Justicemaker-2-1-84x84.png 84w\" sizes=\"(max-width: 800px) 100vw, 800px\" \/><figcaption>Tomek Tomaszewski\u00a0<a href=\"https:\/\/www.instagram.com\/difman.comics\/\">@difman.comics<\/a>\u00a0szykuje nam kolejn\u0105 cz\u0119\u015b\u0107 przyg\u00f3d niezr\u00f3wnanego i niezwyk\u0142ego kota &#8211; &#8222;Justicemaker 2&#8221; ju\u017c wkr\u00f3tce si\u0119 uka\u017ce! \ud83d\ude42 Tomek to bardzo utalentowany scenarzysta komiksowy, tworzy jedn\u0105 histori\u0119 za drug\u0105, wi\u0119c jeszcze o nim us\u0142yszycie! \ud83d\ude42 Za rysunki tym razem r\u00f3wnie\u017c odpowiada zdolna\u00a0<a href=\"https:\/\/www.instagram.com\/theyokaiart\/\">@theyokaiart<\/a><br>Z pewno\u015bci\u0105 si\u0119 uciesz\u0105, je\u015bli odwiedzicie ich konta \ud83d\ude09<\/figcaption><\/figure>\n","protected":false},"excerpt":{"rendered":"<p>Polecam zdolnych tw\u00f3rc\u00f3w i ich dzie\u0142a:<\/p>\n","protected":false},"author":1,"featured_media":0,"parent":0,"menu_order":0,"comment_status":"closed","ping_status":"closed","template":"","meta":{"footnotes":""},"class_list":["post-28","page","type-page","status-publish","hentry"],"aioseo_notices":[],"_links":{"self":[{"href":"https:\/\/www.crrryk.pl\/index.php\/wp-json\/wp\/v2\/pages\/28"}],"collection":[{"href":"https:\/\/www.crrryk.pl\/index.php\/wp-json\/wp\/v2\/pages"}],"about":[{"href":"https:\/\/www.crrryk.pl\/index.php\/wp-json\/wp\/v2\/types\/page"}],"author":[{"embeddable":true,"href":"https:\/\/www.crrryk.pl\/index.php\/wp-json\/wp\/v2\/users\/1"}],"replies":[{"embeddable":true,"href":"https:\/\/www.crrryk.pl\/index.php\/wp-json\/wp\/v2\/comments?post=28"}],"version-history":[{"count":2,"href":"https:\/\/www.crrryk.pl\/index.php\/wp-json\/wp\/v2\/pages\/28\/revisions"}],"predecessor-version":[{"id":427,"href":"https:\/\/www.crrryk.pl\/index.php\/wp-json\/wp\/v2\/pages\/28\/revisions\/427"}],"wp:attachment":[{"href":"https:\/\/www.crrryk.pl\/index.php\/wp-json\/wp\/v2\/media?parent=28"}],"curies":[{"name":"wp","href":"https:\/\/api.w.org\/{rel}","templated":true}]}}